{"id":3914,"date":"2022-11-26T15:41:08","date_gmt":"2022-11-26T15:41:08","guid":{"rendered":"https:\/\/igic.webs.upv.es\/historia\/"},"modified":"2023-06-22T12:27:29","modified_gmt":"2023-06-22T12:27:29","slug":"historia","status":"publish","type":"page","link":"https:\/\/igic.webs.upv.es\/ca\/qui-som\/historia\/","title":{"rendered":"Hist\u00f2ria"},"content":{"rendered":"<div class=\"wpb-content-wrapper\"><p>[vc_row][vc_column][vc_column_text]<\/p>\n<p class=\"western\"><strong><em>Institut d&#8217;Investigaci\u00f3 per a la Gesti\u00f3 Integrada de Zones Costaneres (IGIC) del Campus de Gandia de la Universitat Polit\u00e8cnica de Val\u00e8ncia (UPV)<\/em><\/strong><\/p>\n<p class=\"western\">L&#8217;Institut <span style=\"color: #000080;\"><u><a href=\"http:\/\/www.upv.es\/entidades\/IGIC\/index-es.html\" target=\"_blank\" rel=\"noopener\"><b>d&#8217;Investigaci\u00f3 per a la Gesti\u00f3 Integrada de Zones Costaneres<\/b><\/a><\/u><\/span> (IGIC) es va crear el juliol de 2007 amb l&#8217;objectiu de reunir i enfortir les capacitats d&#8217;investigaci\u00f3 al Campus de Gandia (Universitat Polit\u00e8cnica de Val\u00e8ncia, UPV). Aquest institut t\u00e9 com a objectiu general promoure i desenvolupar una investigaci\u00f3 cient\u00edfica d&#8217;excel\u00b7l\u00e8ncia en diferents aspectes de la gesti\u00f3 costanera integrada, aix\u00ed com difondre els resultats i aplicacions obtinguts entre els agents involucrats i els sectors econ\u00f2mics, contribuint a la capacitaci\u00f3 especialitzada d&#8217;experts en \u00e0rees relacionades amb el camp d&#8217;investigaci\u00f3. Aix\u00f2 \u00e9s possible aprofitant l&#8217;\u00e0mplia experi\u00e8ncia i la qualitat cient\u00edfica del personal docent del Campus de Gandia en tecnologies aplicades a problemes marins i costaners i despr\u00e9s de la contribuci\u00f3 en diversos casos amb col\u00b7laboracions i sinergies pr\u00e8vies entre grups de diferents \u00e0rees de coneixement.<\/p>\n<p class=\"western\">Actualment, l&#8217;IGIC inclou 62 investigacions, agrupades en 11 grups d&#8217;investigaci\u00f3, que treballen en tres \u00e0rees d&#8217;investigaci\u00f3: i) Estudis i conservaci\u00f3 de recursos ambientals i biol\u00f2gics, ii) Coneixement, planificaci\u00f3 i gesti\u00f3 d&#8217;\u00e0rees costaneres i iii) Eines d\u2019 an\u00e0lisi i monitoratge tecnol\u00f2gic mar\u00ed i costaner.<\/p>\n<p>[\/vc_column_text][\/vc_column][\/vc_row]<\/p>\n<\/div>","protected":false},"excerpt":{"rendered":"<p>[vc_row][vc_column][vc_column_text] Institut d&#8217;Investigaci\u00f3 per a la Gesti\u00f3 Integrada de Zones Costaneres (IGIC) del Campus de Gandia de la Universitat Polit\u00e8cnica de Val\u00e8ncia (UPV) L&#8217;Institut d&#8217;Investigaci\u00f3 per a la Gesti\u00f3 Integrada de Zones Costaneres (IGIC) es va crear el juliol de 2007 amb l&#8217;objectiu de reunir i enfortir les capacitats d&#8217;investigaci\u00f3 al Campus de Gandia (Universitat &hellip; <a href=\"https:\/\/igic.webs.upv.es\/ca\/qui-som\/historia\/\" class=\"more-link\">Continue reading <span class=\"screen-reader-text\">Hist\u00f2ria<\/span><\/a><\/p>\n","protected":false},"author":1,"featured_media":0,"parent":3924,"menu_order":0,"comment_status":"closed","ping_status":"closed","template":"","meta":{"footnotes":""},"class_list":["post-3914","page","type-page","status-publish","hentry"],"_links":{"self":[{"href":"https:\/\/igic.webs.upv.es\/ca\/wp-json\/wp\/v2\/pages\/3914","targetHints":{"allow":["GET"]}}],"collection":[{"href":"https:\/\/igic.webs.upv.es\/ca\/wp-json\/wp\/v2\/pages"}],"about":[{"href":"https:\/\/igic.webs.upv.es\/ca\/wp-json\/wp\/v2\/types\/page"}],"author":[{"embeddable":true,"href":"https:\/\/igic.webs.upv.es\/ca\/wp-json\/wp\/v2\/users\/1"}],"replies":[{"embeddable":true,"href":"https:\/\/igic.webs.upv.es\/ca\/wp-json\/wp\/v2\/comments?post=3914"}],"version-history":[{"count":1,"href":"https:\/\/igic.webs.upv.es\/ca\/wp-json\/wp\/v2\/pages\/3914\/revisions"}],"predecessor-version":[{"id":3954,"href":"https:\/\/igic.webs.upv.es\/ca\/wp-json\/wp\/v2\/pages\/3914\/revisions\/3954"}],"up":[{"embeddable":true,"href":"https:\/\/igic.webs.upv.es\/ca\/wp-json\/wp\/v2\/pages\/3924"}],"wp:attachment":[{"href":"https:\/\/igic.webs.upv.es\/ca\/wp-json\/wp\/v2\/media?parent=3914"}],"curies":[{"name":"wp","href":"https:\/\/api.w.org\/{rel}","templated":true}]}}