{"id":3904,"date":"2023-01-23T13:19:21","date_gmt":"2023-01-23T13:19:21","guid":{"rendered":"https:\/\/igic.webs.upv.es\/politica-de-cookies\/"},"modified":"2023-06-22T11:47:59","modified_gmt":"2023-06-22T11:47:59","slug":"politica-de-cookies","status":"publish","type":"page","link":"https:\/\/igic.webs.upv.es\/ca\/politica-de-cookies\/","title":{"rendered":"Pol\u00edtica de cookies"},"content":{"rendered":"\n<p><strong>L&#8217;Institut d&#8217;Investigaci\u00f3 per a la Gesti\u00f3 Integrada de Zones Costaneres (IGIC) empra <\/strong><em>cookies<\/em><strong> en els seus llocs web. Les <\/strong><em>cookies<\/em><strong> faciliten la navegaci\u00f3, i en molts casos s\u00f3n imprescindibles perqu\u00e8 estiguen disponibles alguns serveis oferits pel portal.<\/strong><\/p>\n\n\n\n<p><strong>Qu\u00e8 s\u00f3n les&nbsp;<\/strong><em>cookies<\/em><strong>?<\/strong><\/p>\n\n\n\n<p>Les&nbsp;<em>cookies<\/em>&nbsp;s\u00f3n xicotets arxius de dades que es reben en el terminal des del lloc web visitat i s&#8217;usen per a registrar unes certes interaccions de la navegaci\u00f3. Aquests arxius s&#8217;emmagatzemen en l&#8217;ordinador de l&#8217;usuari i contenen dades an\u00f2nimes que poden ser actualitzats i recuperats en el futur i no s\u00f3n perjudicials per a l&#8217;equip. S&#8217;utilitzen per a recordar les prefer\u00e8ncies de l&#8217;usuari com \u00e9s el cas de l&#8217;idioma seleccionat, dades d&#8217;acc\u00e9s o personalitzaci\u00f3 de la p\u00e0gina.<\/p>\n\n\n\n<p>Les&nbsp;<em>cookies<\/em>&nbsp;tamb\u00e9 poden ser emprades per a recopilar informaci\u00f3 an\u00f2nima sobre com un visitant navega per un lloc web. Per exemple, des de quina p\u00e0gina Web ha accedit, o si ha utilitzat un b\u00e0ner publicitari per a arribar.<\/p>\n\n\n\n<p><strong>Per qu\u00e8 l&#8217;IGIC utilitza&nbsp;<\/strong><em>cookies<\/em><strong>?<\/strong><\/p>\n\n\n\n<p>L&#8217;IGIC utilitza les &nbsp;<em>cookies<\/em>&nbsp;estrictament necess\u00e0ries perqu\u00e8 l&#8217;usuari, en navegar pel lloc web, puga moure&#8217;s lliurement, accedir a \u00e0rees segures, opcions personalitzades, etc.<\/p>\n\n\n\n<p>Quin tipus de <em>cookies<\/em> utilitza l&#8217;IGIC?<\/p>\n\n\n\n<p><strong>Segons la seua finalitat:<\/strong><\/p>\n\n\n\n<p><em>Cookies<\/em>&nbsp;t\u00e8cniques<br>S\u00f3n aquelles imprescindibles, estrictament necess\u00e0ries per al correcte funcionament d&#8217;un portal Web, les diferents opcions de navegaci\u00f3 i els serveis que ofereix. En aquest grup, s&#8217;inclouen les que serveixen per al manteniment de la sessi\u00f3, la gesti\u00f3 del temps de resposta, el rendiment o validaci\u00f3 d&#8217;opcions, l&#8217;\u00fas d&#8217;elements de seguretat, la publicaci\u00f3 de contingut compartit en xarxes socials, etc.<\/p>\n\n\n\n<p><em>Cookies<\/em>&nbsp; de personalitzaci\u00f3<\/p>\n\n\n\n<p>Aquests arxius permeten a l&#8217;usuari especificar o personalitzar algunes caracter\u00edstiques de les opcions generals de la p\u00e0gina Web. Per exemple, definir l&#8217;idioma, una configuraci\u00f3 regional o el tipus de navegador.<\/p>\n\n\n\n<p><em>Cookies<\/em>&nbsp;anal\u00edtiques<br>Les&nbsp;<em>cookies<\/em>&nbsp;anal\u00edtiques s\u00f3n les que utilitza el lloc web per a elaborar perfils de navegaci\u00f3 i con\u00e8ixer les prefer\u00e8ncies dels usuaris amb la finalitat de millorar l&#8217;oferta de productes i serveis. En concret, les que permeten observar quines \u00e0rees geogr\u00e0fiques interessen m\u00e9s a un usuari, quin producte t\u00e9 m\u00e9s acceptaci\u00f3, etc.<\/p>\n\n\n\n<p><strong>Segons termini:<\/strong><\/p>\n\n\n\n<p><em>Cookies<\/em>&nbsp;de sessi\u00f3<\/p>\n\n\n\n<p>S\u00f3n aquelles que estan actives mentre l&#8217;usuari est\u00e0 navegant per la p\u00e0gina Web i s&#8217;esborren al seu terme.<\/p>\n\n\n\n<p><em>Cookies<\/em>&nbsp;persistents<br>Aquestes&nbsp;<em>cookies<\/em>&nbsp;queden emmagatzemades per un temps en el terminal de l&#8217;usuari, de manera que permeten mantenir les prefer\u00e8ncies triades sense haver de repetir uns certs par\u00e0metres cada vegada que es visite el lloc web.<\/p>\n\n\n\n<p><strong>Que passa si l&#8217;usuari no accepta l&#8217;autoritzaci\u00f3 de <\/strong><em>cookies<\/em><strong>?<\/strong><\/p>\n\n\n\n<p>Si l&#8217;usuari continua navegant pel lloc web sense rebutjar expressament la pol\u00edtica de <em>cookies<\/em>, s&#8217;entendr\u00e0 de manera t\u00e0cita que ha acceptat el seu \u00fas.<\/p>\n\n\n\n<p>Si, per contra, el visitant rebutja o esborra les&nbsp;<em>cookies<\/em>&nbsp;de navegaci\u00f3, no ser\u00e0 possible mantenir les seues prefer\u00e8ncies en el lloc web de l&#8217;IGIC, no estaran operatives algunes caracter\u00edstiques de les p\u00e0gines, no se l&#8217;oferiran alguns serveis personalitzats i se li sol\u00b7licitar\u00e0 la seua autoritzaci\u00f3 per a l&#8217;\u00fas de&nbsp;<em>cookies<\/em> cada vegada que accedisca a aquest lloc.<\/p>\n\n\n\n<p>Si, aix\u00ed i tot, l&#8217;usuari decideix modificar la configuraci\u00f3 d&#8217;acc\u00e9s a la p\u00e0gina Web, ha de saber que en qualsevol moment pot eliminar les <em>cookies<\/em>&nbsp;o impedir que es registre aquesta informaci\u00f3 en el seu equip, mitjan\u00e7ant la rectificaci\u00f3 de les prefer\u00e8ncies del navegador.<\/p>\n","protected":false},"excerpt":{"rendered":"<p>L&#8217;Institut d&#8217;Investigaci\u00f3 per a la Gesti\u00f3 Integrada de Zones Costaneres (IGIC) empra cookies en els seus llocs web. Les cookies faciliten la navegaci\u00f3, i en molts casos s\u00f3n imprescindibles perqu\u00e8 estiguen disponibles alguns serveis oferits pel portal. Qu\u00e8 s\u00f3n les&nbsp;cookies? Les&nbsp;cookies&nbsp;s\u00f3n xicotets arxius de dades que es reben en el terminal des del lloc web &hellip; <a href=\"https:\/\/igic.webs.upv.es\/ca\/politica-de-cookies\/\" class=\"more-link\">Continue reading <span class=\"screen-reader-text\">Pol\u00edtica de cookies<\/span><\/a><\/p>\n","protected":false},"author":1,"featured_media":0,"parent":0,"menu_order":0,"comment_status":"closed","ping_status":"closed","template":"","meta":{"footnotes":""},"class_list":["post-3904","page","type-page","status-publish","hentry"],"_links":{"self":[{"href":"https:\/\/igic.webs.upv.es\/ca\/wp-json\/wp\/v2\/pages\/3904","targetHints":{"allow":["GET"]}}],"collection":[{"href":"https:\/\/igic.webs.upv.es\/ca\/wp-json\/wp\/v2\/pages"}],"about":[{"href":"https:\/\/igic.webs.upv.es\/ca\/wp-json\/wp\/v2\/types\/page"}],"author":[{"embeddable":true,"href":"https:\/\/igic.webs.upv.es\/ca\/wp-json\/wp\/v2\/users\/1"}],"replies":[{"embeddable":true,"href":"https:\/\/igic.webs.upv.es\/ca\/wp-json\/wp\/v2\/comments?post=3904"}],"version-history":[{"count":1,"href":"https:\/\/igic.webs.upv.es\/ca\/wp-json\/wp\/v2\/pages\/3904\/revisions"}],"predecessor-version":[{"id":3944,"href":"https:\/\/igic.webs.upv.es\/ca\/wp-json\/wp\/v2\/pages\/3904\/revisions\/3944"}],"wp:attachment":[{"href":"https:\/\/igic.webs.upv.es\/ca\/wp-json\/wp\/v2\/media?parent=3904"}],"curies":[{"name":"wp","href":"https:\/\/api.w.org\/{rel}","templated":true}]}}