{"id":3902,"date":"2022-11-26T15:33:57","date_gmt":"2022-11-26T15:33:57","guid":{"rendered":"https:\/\/igic.webs.upv.es\/programa-de-doctorado\/"},"modified":"2023-06-22T11:50:40","modified_gmt":"2023-06-22T11:50:40","slug":"programa-de-doctorat","status":"publish","type":"page","link":"https:\/\/igic.webs.upv.es\/ca\/programa-de-doctorat\/","title":{"rendered":"Programa de Doctorat en Ci\u00e8ncia i Tecnologia Marina i Costanera"},"content":{"rendered":"<div class=\"wpb-content-wrapper\"><p>[vc_row tm_bgimagefixed=&#8221;&#8221;][vc_column][vc_column_text]<\/p>\n<p class=\"western\">El <span style=\"color: #000080;\"><u><a href=\"http:\/\/www.upv.es\/contenidos\/CGANDIA\/index-es.html\">Campus de Gandia<\/a><\/u><\/span> de la <span style=\"color: #000080;\"><u><a href=\"https:\/\/www.upv.es\/es\/\">Universitat Polit\u00e8cnica de Val\u00e8ncia (UPV)<\/a><\/u><\/span> posa en marxa el nou <span style=\"color: #000080;\"><u><a href=\"http:\/\/www.upv.es\/entidades\/EDOCTORADO\/info\/1187216normalc.html\">Programa de Doctorat en Ci\u00e8ncia i Tecnologia Marina i Costanera<\/a><\/u><\/span> a partir del curs acad\u00e8mic 2022-2023.<\/p>\n<p>[\/vc_column_text]<h2 style=\"text-align:left;\" class=\"tm-custom-heading \" >Formaci\u00f3 en ci\u00e8ncia i aplicacions per a l'entorn mar\u00ed i costaner<\/h2>\n[vc_column_text]<\/p>\n<p class=\"western\">El Programa de Doctorat en Ci\u00e8ncia i Tecnologia Marina i Costanera t\u00e9 la finalitat de <b>formar personal amb vocaci\u00f3 investigadora <\/b>en els diferents aspectes cient\u00edfics i tecnol\u00f2gics rellevants de la <b>gesti\u00f3 efectiva i sostenible de les zones marines i costaneres<\/b>. En aquest context, existeixen diferents l\u00ednies d&#8217;investigaci\u00f3 per a promoure l&#8217;avan\u00e7 de nous procediments, metodologies i t\u00e8cniques que permeten una millor gesti\u00f3 de l&#8217;entorn litoral i medi mar\u00edtim, considerant tant <b>aspectes sociol\u00f2gics, ecol\u00f2gics i ambientals<\/b>, com l&#8217;efici\u00e8ncia en la gesti\u00f3 de recursos.<\/p>\n<p class=\"western\">El programa abasta diverses <b>l\u00ednies d&#8217;investigaci\u00f3<\/b>: dispositius electr\u00f2nics, xarxes telem\u00e0tiques i t\u00e8cniques d&#8217;intel\u00b7lig\u00e8ncia artificial per a monitoratge d&#8217;entorns marins i costaners; metodologies d&#8217;observaci\u00f3 i modelatge d&#8217;ecosistemes marins; oceanografia, gesti\u00f3 pesquera i modelatge d&#8217;h\u00e0bitats fluvials i nous materials per al control del camp ac\u00fastic, i simulaci\u00f3 ac\u00fastica, amb aplicaci\u00f3 al medi ambient mar\u00ed i costaner.<\/p>\n<p>[\/vc_column_text]<div class=\"tm-single-image-wrapper imagestyle-two wpb_single_image vc_align_center \"><div class=\"tm-single-image-inner\"><img decoding=\"async\" src=\"http:\/\/igic.webs.upv.es\/wp-content\/uploads\/2022\/12\/Neonato-tortuga-boba-1-copia.jpg\" class=\"tm-single-image-img\" alt=\"\" \/><\/div><\/div>[\/vc_column][\/vc_row][vc_row tm_bgimagefixed=&#8221;&#8221; css=&#8221;.vc_custom_1670611316696{padding-top: 50px !important;}&#8221;][vc_column]<h2 style=\"text-align:left;\" class=\"tm-custom-heading \" >Personal expert i acad\u00e8mic de la UPV<\/h2>\n[vc_column_text]<\/p>\n<p class=\"western\">Com ha subratllat el director del Campus de Gandia, <span style=\"color: #000080;\"><u><a href=\"http:\/\/www.upv.es\/pls\/oalu\/sic_person.Info?p_alias=jesalba&amp;P_IDIOMA=c\">Jes\u00fas Alba<\/a><\/u><\/span>, \u201caquest campus fa anys que mira a la mar: la Unitat Mixta amb l&#8217;Institut Espanyol d&#8217;Oceanografia (IEO), la seua renovaci\u00f3 per 10 anys i l&#8217;ampliaci\u00f3 <span style=\"color: #000080;\"><u><a href=\"https:\/\/cienciagandia.webs.upv.es\/2022\/05\/mas-instalaciones-para-la-investigacion-marina\/\">dels magatzems del port<\/a><\/u><\/span>, l&#8217;Institut d&#8217;Investigaci\u00f3 per a la Gesti\u00f3 Integrada de Zones Costaneres (IGIC), el M\u00e0ster Universitari en Avaluaci\u00f3 i Seguiment Ambiental d&#8217;Ecosistemes Marins i Costaners\u201d i finalment \u201cel Programa de Doctorat en Ci\u00e8ncia i Tecnologia Marina i Costanera, que ser\u00e0 el primer Programa de Doctorat al Campus de Gandia\u201d.<\/p>\n<p>[\/vc_column_text][vc_row_inner][vc_column_inner][vc_masonry_media_grid gap=&#8221;30&#8243; grid_id=&#8221;vc_gid:1687434527353-6b88c8b3-b15c-3&#8243; include=&#8221;2929,2930,2931&#8243;][\/vc_column_inner][\/vc_row_inner][vc_column_text css=&#8221;.vc_custom_1687434624020{margin-bottom: 15px !important;}&#8221;]<\/p>\n<p class=\"western\">Aquest nou programa, que ofereix l&#8217;Escola de Doctorat de la UPV i que s&#8217;impartir\u00e0 des del Campus de Gandia a partir de setembre, \u201c\u00e9s gestionat per una comissi\u00f3 acad\u00e8mica integrada per personal expert i investigador de prestigi del campus, de l&#8217;Institut d&#8217;Investigaci\u00f3 per a la Gesti\u00f3 Integrada de Zones Costaneres (IGIC), i tamb\u00e9, personal cient\u00edfic pertanyent a altres estructures investigadores de la UPV\u201d, tal com ha detallat <span style=\"color: #000080;\"><u><a href=\"http:\/\/www.upv.es\/pls\/oalu\/sic_person.Info?p_alias=rpico&amp;P_IDIOMA=c\">Rub\u00e9n Pic\u00f3<\/a><\/u><\/span>, coordinador del Programa de Doctorat en Ci\u00e8ncia i Tecnologia Marina i Costanera.<\/p>\n<p>[\/vc_column_text][\/vc_column][\/vc_row][vc_row tm_bgimagefixed=&#8221;&#8221; css=&#8221;.vc_custom_1670611332864{padding-top: 40px !important;}&#8221;][vc_column]<section class=\"tm-vc_cta3-container\"><div class=\"tm-vc_general tm-vc_cta3 tm-cta3-only tm-vc_cta3-style-flat tm-vc_cta3-shape-rounded tm-vc_cta3-align-left tm-vc_cta3-color-skincolor tm-vc_cta3-icon-size-md tm-cta3-with-desc\"><div class=\"tm-vc_cta3_content-container\"><div class=\"tm-vc_cta3-content\"><header class=\"tm-vc_cta3-content-header tm-wrap\"><div class=\"tm-vc_cta3-headers tm-wrap-cell\"><\/div><div class=\"heading-seperator\"><span><\/span><\/div><\/header><div class=\"tm-cta3-content-wrapper\">\n<p class=\"western\"><b>Per a m\u00e9s informaci\u00f3 sobre la preinscripci\u00f3 i matr\u00edcula en el Programa de Doctorat en Ci\u00e8ncia i Tecnologia Marina i Costanera, consulta aquest\u00a0<\/b><span style=\"color: #000080;\"><u><a href=\"http:\/\/www.upv.es\/entidades\/EDOCTORADO\/info\/1187216normalc.html\"><b>enlla\u00e7<\/b><\/a><\/u><\/span><b>\u00a0o escriu un correu electr\u00f2nic a la seg\u00fcent adre\u00e7a: <\/b><span style=\"color: #000080;\"><u><a href=\"mailto:doctor.costera@upv.es\"><b>doctor.costera@upv.es<\/b><\/a><\/u><\/span><\/p>\n<p><\/div><\/div><\/div><\/div><\/section>[\/vc_column][\/vc_row]<\/p>\n<\/div>","protected":false},"excerpt":{"rendered":"<p>[vc_row tm_bgimagefixed=&#8221;&#8221;][vc_column][vc_column_text] El Campus de Gandia de la Universitat Polit\u00e8cnica de Val\u00e8ncia (UPV) posa en marxa el nou Programa de Doctorat en Ci\u00e8ncia i Tecnologia Marina i Costanera a partir del curs acad\u00e8mic 2022-2023. [\/vc_column_text][vc_column_text] El Programa de Doctorat en Ci\u00e8ncia i Tecnologia Marina i Costanera t\u00e9 la finalitat de formar personal amb vocaci\u00f3 investigadora &hellip; <a href=\"https:\/\/igic.webs.upv.es\/ca\/programa-de-doctorat\/\" class=\"more-link\">Continue reading <span class=\"screen-reader-text\">Programa de Doctorat en Ci\u00e8ncia i Tecnologia Marina i Costanera<\/span><\/a><\/p>\n","protected":false},"author":1,"featured_media":0,"parent":0,"menu_order":0,"comment_status":"closed","ping_status":"closed","template":"","meta":{"footnotes":""},"class_list":["post-3902","page","type-page","status-publish","hentry"],"_links":{"self":[{"href":"https:\/\/igic.webs.upv.es\/ca\/wp-json\/wp\/v2\/pages\/3902","targetHints":{"allow":["GET"]}}],"collection":[{"href":"https:\/\/igic.webs.upv.es\/ca\/wp-json\/wp\/v2\/pages"}],"about":[{"href":"https:\/\/igic.webs.upv.es\/ca\/wp-json\/wp\/v2\/types\/page"}],"author":[{"embeddable":true,"href":"https:\/\/igic.webs.upv.es\/ca\/wp-json\/wp\/v2\/users\/1"}],"replies":[{"embeddable":true,"href":"https:\/\/igic.webs.upv.es\/ca\/wp-json\/wp\/v2\/comments?post=3902"}],"version-history":[{"count":3,"href":"https:\/\/igic.webs.upv.es\/ca\/wp-json\/wp\/v2\/pages\/3902\/revisions"}],"predecessor-version":[{"id":3946,"href":"https:\/\/igic.webs.upv.es\/ca\/wp-json\/wp\/v2\/pages\/3902\/revisions\/3946"}],"wp:attachment":[{"href":"https:\/\/igic.webs.upv.es\/ca\/wp-json\/wp\/v2\/media?parent=3902"}],"curies":[{"name":"wp","href":"https:\/\/api.w.org\/{rel}","templated":true}]}}